{"id":132,"date":"2023-10-19T14:06:05","date_gmt":"2023-10-19T12:06:05","guid":{"rendered":"http:\/\/albergo.elated-themes.com\/?page_id=132"},"modified":"2026-02-06T11:48:35","modified_gmt":"2026-02-06T10:48:35","slug":"come-raggiungerci","status":"publish","type":"page","link":"https:\/\/www.albergomazzanti.it\/de\/come-raggiungerci\/","title":{"rendered":"So erreichen Sie uns"},"content":{"rendered":"<div class=\"vc_row wpb_row vc_row-fluid vc_custom_1698919117044\" ><div class=\"wpb_column vc_column_container vc_col-sm-12\"><div class=\"vc_column-inner\"><div class=\"wpb_wrapper\">\n\t<div class=\"wpb_raw_code wpb_content_element wpb_raw_html\" >\n\t\t<div class=\"wpb_wrapper\">\n\t\t\t<script type=\"text\/javascript\">\n(function (i, s, o, g, r, a, m) {\n    i['SBSyncroBoxParam'] = r; i[r] = i[r] || function () {\n        (i[r].q = i[r].q || []).push(arguments)\n    }, i[r].l = 1 * new Date(); a = s.createElement(o),\n    m = s.getElementsByTagName(o)[0]; a.async = 1; a.src = g; m.parentNode.insertBefore(a, m)\n})(window, document, 'script', 'https:\/\/cdn.simplebooking.it\/search-box-script.axd?IDA=2587','SBSyncroBox');\n\nSBSyncroBox({\n    CodLang: 'IT',\n    Styles: {\n    Theme: \"black\"},\n\t\t\n\n});\n<\/script>\n<br>\n\n<div id=\"sb-container\">BUCHUNGSKALENDER WIRD GELADEN...<\/div> \n\n\n\t\t<\/div>\n\t<\/div>\n<\/div><\/div><\/div><\/div><div class=\"vc_row wpb_row vc_row-fluid vc_custom_1698918232467 vc_row-has-fill\" ><div class=\"wpb_column vc_column_container vc_col-sm-12\"><div class=\"vc_column-inner\"><div class=\"wpb_wrapper\"><div class=\"vc_empty_space\"   style=\"height: 32px\"><span class=\"vc_empty_space_inner\"><\/span><\/div><\/div><\/div><\/div><\/div><div class=\"vc_row wpb_row vc_row-fluid vc_custom_1698918232467 vc_row-has-fill\" ><div class=\"wpb_column vc_column_container vc_col-sm-3\"><div class=\"vc_column-inner\"><div class=\"wpb_wrapper\">\n\t<div  class=\"wpb_single_image wpb_content_element vc_align_center\">\n\t\t\n\t\t<figure class=\"wpb_wrapper vc_figure\">\n\t\t\t<div class=\"vc_single_image-wrapper   vc_box_border_grey\"><img loading=\"lazy\" decoding=\"async\" class=\"vc_single_image-img\" src=\"https:\/\/www.albergomazzanti.it\/wp-content\/uploads\/2026\/02\/2-200x200.png\" width=\"200\" height=\"200\" alt=\"2\" title=\"2\" \/><\/div>\n\t\t<\/figure>\n\t<\/div>\n<\/div><\/div><\/div><div class=\"wpb_column vc_column_container vc_col-sm-9\"><div class=\"vc_column-inner\"><div class=\"wpb_wrapper\">\n\t<div class=\"wpb_text_column wpb_content_element\" >\n\t\t<div class=\"wpb_wrapper\">\n\t\t\t<h2 style=\"text-align: left;\">Parkm\u00f6glichkeiten<\/h2>\n<p style=\"text-align: left;\">F\u00fcr G\u00e4ste, die mit dem Auto nach <span class=\"hover:entity-accent entity-underline inline cursor-pointer align-baseline\"><span class=\"whitespace-normal\">Verona anreisen<\/span><\/span>empfehlen wir einige Parkm\u00f6glichkeiten, die <strong data-start=\"403\" data-end=\"435\">von externen Anbietern betrieben werden<\/strong>.<\/p>\n\n\t\t<\/div>\n\t<\/div>\n<div class=\"vc_row wpb_row vc_inner vc_row-fluid\" ><div class=\"wpb_column vc_column_container vc_col-sm-6\"><div class=\"vc_column-inner\"><div class=\"wpb_wrapper\"><div class=\"vc_empty_space\"   style=\"height: 20px\"><span class=\"vc_empty_space_inner\"><\/span><\/div>\n\t<div class=\"wpb_text_column wpb_content_element\" >\n\t\t<div class=\"wpb_wrapper\">\n\t\t\t<p data-start=\"438\" data-end=\"709\"><strong data-start=\"438\" data-end=\"479\"><span class=\"hover:entity-accent entity-underline inline cursor-pointer align-baseline\"><span class=\"whitespace-normal\">Le Garage<br \/>\n<\/span><\/span><\/strong><span class=\"hover:entity-accent entity-underline inline cursor-pointer align-baseline\"><span class=\"whitespace-normal\">Viale del Lavoro 22\/A<\/span><\/span> (in der N\u00e4he der Ausfahrt Verona Sud)<br data-start=\"550\" data-end=\"553\" \/>T\u00e4glich ge\u00f6ffnet, <strong data-start=\"576\" data-end=\"590\">7:30\u201324:00 Uhr<\/strong>.<br data-start=\"591\" data-end=\"594\" \/>Ein <strong data-start=\"612\" data-end=\"632\">kostenloser Shuttle-Service<\/strong> bringt Sie zu uns<\/p>\n\n\t\t<\/div>\n\t<\/div>\n<div class=\"vc_empty_space\"   style=\"height: 32px\"><span class=\"vc_empty_space_inner\"><\/span><\/div><div class=\"vc_btn3-container vc_btn3-inline\" ><a class=\"vc_general vc_btn3 vc_btn3-size-md vc_btn3-shape-rounded vc_btn3-style-modern vc_btn3-color-grey\" href=\"https:\/\/www.albergomazzanti.it\/wp-content\/uploads\/2026\/02\/Car-Velvet-IT.pdf\" title=\"\" target=\"_blank\">SO FUNKTIONIERT\u2019S<\/a><\/div><div class=\"vc_empty_space\"   style=\"height: 32px\"><span class=\"vc_empty_space_inner\"><\/span><\/div><div class=\"vc_btn3-container vc_btn3-inline\" ><a class=\"vc_general vc_btn3 vc_btn3-size-md vc_btn3-shape-rounded vc_btn3-style-modern vc_btn3-color-grey\" href=\"https:\/\/docs.google.com\/forms\/d\/e\/1FAIpQLSeRcO6NR-haqjsegv7K3g0z0C5EYNQYLlc2IxbQ235okV9eYw\/viewform\" title=\"\" target=\"_blank\">BUCHUNGSFORMULAR<\/a><\/div><\/div><\/div><\/div><div class=\"wpb_column vc_column_container vc_col-sm-6\"><div class=\"vc_column-inner\"><div class=\"wpb_wrapper\"><div class=\"vc_empty_space\"   style=\"height: 20px\"><span class=\"vc_empty_space_inner\"><\/span><\/div>\n\t<div class=\"wpb_text_column wpb_content_element\" >\n\t\t<div class=\"wpb_wrapper\">\n\t\t\t<p data-start=\"711\" data-end=\"880\"><strong data-start=\"711\" data-end=\"752\"><span class=\"hover:entity-accent entity-underline inline cursor-pointer align-baseline\"><span class=\"whitespace-normal\">SABA &#8211; Isolo<\/span><\/span><\/strong> \u2013 <span class=\"hover:entity-accent entity-underline inline cursor-pointer align-baseline\"><span class=\"whitespace-normal\">Via Ponte Pignolo 6<\/span><\/span><br data-start=\"792\" data-end=\"795\" \/>Video\u00fcberwachtes <strong data-start=\"802\" data-end=\"822\">Parkhaus<\/strong>, <strong data-start=\"831\" data-end=\"847\">24 Stunden ge\u00f6ffnet<\/strong>.<br data-start=\"848\" data-end=\"851\" \/><strong data-start=\"851\" data-end=\"879\">Eine Reservierung wird empfohlen<\/strong>.<\/p>\n\n\t\t<\/div>\n\t<\/div>\n<div class=\"vc_empty_space\"   style=\"height: 32px\"><span class=\"vc_empty_space_inner\"><\/span><\/div><div class=\"vc_btn3-container vc_btn3-inline\" ><a class=\"vc_general vc_btn3 vc_btn3-size-md vc_btn3-shape-rounded vc_btn3-style-modern vc_btn3-color-grey\" href=\"https:\/\/www.sabait.it\/it\/parcheggio-verona\/parcheggio-saba-isolo\" title=\"\" target=\"_blank\">INFO<\/a><\/div><\/div><\/div><\/div><\/div><\/div><\/div><\/div><\/div><div class=\"vc_row wpb_row vc_row-fluid vc_custom_1698918232467 vc_row-has-fill\" ><div class=\"wpb_column vc_column_container vc_col-sm-12\"><div class=\"vc_column-inner\"><div class=\"wpb_wrapper\"><div class=\"vc_separator wpb_content_element vc_separator_align_center vc_sep_width_100 vc_sep_pos_align_center vc_separator_no_text vc_sep_color_grey\" ><span class=\"vc_sep_holder vc_sep_holder_l\"><span  class=\"vc_sep_line\"><\/span><\/span><span class=\"vc_sep_holder vc_sep_holder_r\"><span  class=\"vc_sep_line\"><\/span><\/span>\n<\/div><\/div><\/div><\/div><\/div><div class=\"vc_row wpb_row vc_row-fluid vc_custom_1698918232467 vc_row-has-fill\" ><div class=\"wpb_column vc_column_container vc_col-sm-12\"><div class=\"vc_column-inner\"><div class=\"wpb_wrapper\">\n\t<div class=\"wpb_text_column wpb_content_element\" >\n\t\t<div class=\"wpb_wrapper\">\n\t\t\t<h2 style=\"text-align: center;\">Betreten Sie gedankenlos die verkehrsberuhigte Zone<\/h2>\n<p style=\"text-align: center;\">Das Albergo Mazzanti liegt im Herzen von Verona: Wenn Sie das Hotel mit dem Auto erreichen m\u00f6chten, m\u00fcssen Sie in das Hotel einfahren\u00a0<em>Zone mit eingeschr\u00e4nktem Verkehr\u00a0<\/em><strong>(ZTL).<\/strong><em><br \/>\n<\/em><strong>Allen unseren G\u00e4sten ist die Durchfahrt innerhalb der verkehrsberuhigten Zone gestattet<\/strong>: es ist genug<strong>\u00a0Teilen Sie der Rezeption Ihr Kfz-Kennzeichen mit<\/strong>.<\/p>\n<h3 style=\"text-align: center;\">Wie und wann muss das Kfz-Kennzeichen mitgeteilt werden?<\/h3>\n<p style=\"text-align: center;\"><strong>Bei Ankunft<\/strong>\u00a0an der Hotelrezeption unter Angabe des Kennzeichens des Fahrzeugs, mit dem Sie das Hotel erreicht haben, oder senden Sie uns eine E-Mail an info@associazionemazzanti.it.<\/p>\n<h3 style=\"text-align: center;\">Kann ich im ZTL parken?<\/h3>\n<p style=\"text-align: center;\">Es ist m\u00f6glich<strong>\u00a0Sie erreichen das Hotel zum Ein-\/Ausladen Ihres Gep\u00e4cks, das Parken ist jedoch nicht gestattet<\/strong>.<\/p>\n<h3 style=\"text-align: center;\">Der Navigator schl\u00e4gt mir vor, den Corso Sant&#039;Anastasia zu nehmen: Ist das m\u00f6glich?<\/h3>\n<p style=\"text-align: center;\">Obwohl es sich um eine Fu\u00dfg\u00e4ngerzone handelt, ist der Corso Sant&#039;Anastasia f\u00fcr unsere Kunden passierbar, um das Hotel zu erreichen.<\/p>\n\n\t\t<\/div>\n\t<\/div>\n<div class=\"vc_empty_space\"   style=\"height: 32px\"><span class=\"vc_empty_space_inner\"><\/span><\/div><\/div><\/div><\/div><\/div><div class=\"vc_row wpb_row vc_row-fluid vc_custom_1697719565624 vc_row-has-fill vc_column-gap-35\" ><div class=\"wpb_column vc_column_container vc_col-sm-6\"><div class=\"vc_column-inner\"><div class=\"wpb_wrapper\">\n\t<div class=\"wpb_text_column wpb_content_element\" >\n\t\t<div class=\"wpb_wrapper\">\n\t\t\t<h3>Mit dem Auto<\/h3>\n<p><strong>Von den Autobahnen A4 Mailand-Venedig oder A22 Modena-Brenner<\/strong><\/p>\n<p>Autobahnausfahrt Verona Sud. Weiter \u00fcber Flavio Gioia, Viale del Lavoro, Viale dell&#039;Agricoltura und Viale Piave. Folgen Sie der Beschilderung zum Zentrum. Gehen Sie den Corso Porta Nuova bis zum Ende in Richtung Piazza Br\u00e0 entlang und biegen Sie dann rechts in die Via degli Alpini ein. An der zweiten Ampel biegen Sie links in die Stradone Scipione Maffei ein und folgen der Stradone San Fermo bis zum Ende.<\/p>\n<p>Biegen Sie vor der Br\u00fccke links in die Lungadige Rubele ab, \u00fcberqueren Sie die Kreuzung und fahren Sie weiter in der verkehrsberuhigten Zone, wo die Durchfahrt f\u00fcr die \u00fcbrigen G\u00e4ste gestattet ist. Biegen Sie links in die Via Ponte Nuovo ab, nehmen Sie die vierte Stra\u00dfe rechts in die Via Arche scaligere, fahren Sie geradeaus weiter auf die Vicolo Cavaletto und biegen Sie links in die Via Corso Sant&#039;Anastasia ein. Nach 150 Metern auf der linken Seite befinden Sie sich in der Via Mazzanti und das Hotel befindet sich an der Hausnummer 6 auf der linken Seite.<\/p>\n\n\t\t<\/div>\n\t<\/div>\n<\/div><\/div><\/div><div class=\"wpb_column vc_column_container vc_col-sm-6\"><div class=\"vc_column-inner\"><div class=\"wpb_wrapper\">\n\t<div class=\"wpb_text_column wpb_content_element\" >\n\t\t<div class=\"wpb_wrapper\">\n\t\t\t<h3>Im Zug<\/h3>\n<p>Das Albergo Mazzanti ist vom Hauptbahnhof Verona Porta Nuova aus leicht zu erreichen.<\/p>\n<h4>Buslinien 21,22,23,24,41 und 42 \u2013 Haltestelle Corso Porta Borsari<\/h4>\n<p>Nehmen Sie zu Fu\u00df den Corso Porta Borsari, gehen Sie die Piazza delle Erbe entlang und folgen Sie dem Corso Sant&#039;Anastasia. Nach 100 Metern finden Sie rechts die Via Mazzanti und das Hotel befindet sich an der Hausnummer 6 auf der linken Seite (ca. 500 Meter).<\/p>\n<h4>Buslinien 11, 12, 13, 51 und 510 \u2013 Haltestelle San Fermo<\/h4>\n<p>Nehmen Sie zu Fu\u00df die Via Cappello, gehen Sie die Piazza Erbe entlang, biegen Sie rechts in den Corso Sant&#039;Anastasia ein, nach 100 Metern finden Sie auf der rechten Seite die Via Mazzanti und das Hotel befindet sich an der Hausnummer 6 auf der linken Seite (ca. 800 Meter).<\/p>\n\n\t\t<\/div>\n\t<\/div>\n<\/div><\/div><\/div><\/div><div class=\"eltd-row-grid-section-wrapper eltd-content-aligment-center\"  ><div class=\"eltd-row-grid-section\"><div class=\"vc_row wpb_row vc_row-fluid vc_custom_1699272954175 vc_row-has-fill\" ><div class=\"wpb_column vc_column_container vc_col-sm-12\"><div class=\"vc_column-inner vc_custom_1509720858879\"><div class=\"wpb_wrapper\"><div class=\"vc_empty_space\"   style=\"height: 32px\"><span class=\"vc_empty_space_inner\"><\/span><\/div>\n\t<div class=\"wpb_raw_code wpb_content_element wpb_raw_html\" >\n\t\t<div class=\"wpb_wrapper\">\n\t\t\t<iframe src=\"https:\/\/www.google.com\/maps\/embed?pb=!1m18!1m12!1m3!1d2799.3007135845187!2d10.994884576226607!3d45.443596034813304!2m3!1f0!2f0!3f0!3m2!1i1024!2i768!4f13.1!3m3!1m2!1s0x477f5f496bd12aad%3A0xb6e910d9560152ea!2svia%20Mazzanti%2C%206%2C%2037121%20Verona%20VR!5e0!3m2!1sit!2sit!4v1699274838828!5m2!1sit!2sit\" width=\"1200\" height=\"600\" style=\"border:0;\" allowfullscreen=\"\" loading=\"lazy\" referrerpolicy=\"no-referrer-when-downgrade\"><\/iframe>\n\t\t<\/div>\n\t<\/div>\n<div class=\"vc_empty_space\"   style=\"height: 32px\"><span class=\"vc_empty_space_inner\"><\/span><\/div><\/div><\/div><\/div><\/div><\/div><\/div><div id=\"contatti\" class=\"vc_row wpb_row vc_row-fluid vc_custom_1698926346888 vc_row-has-fill\" ><div class=\"wpb_column vc_column_container vc_col-sm-12\"><div class=\"vc_column-inner\"><div class=\"wpb_wrapper\"><div class=\"eltd-section-title-holder eltd-separator-disabled  eltd-st-text-position-center\" style=\"text-align: center\">\n    <div class=\"eltd-section-title-inner\">\n                            <h2 class=\"eltd-st-title eltd-title-center\" >\n                <span class=\"eltd-st-before\">Sie m\u00f6chten mit uns Kontakt aufnehmen<\/span>\n                <span>F\u00fcr irgendwelche Informationen?<\/span>\n            <\/h2>\n                            <\/div>\n<\/div>\n\t<div class=\"wpb_text_column wpb_content_element\" >\n\t\t<div class=\"wpb_wrapper\">\n\t\t\t<h3 style=\"text-align: center;\">Unsere Mitarbeiter stehen Ihnen gerne zur Verf\u00fcgung, um Ihre Fragen zu beantworten und auf Ihre Bed\u00fcrfnisse einzugehen. Wir sind hier, um dir zu helfen\u00a0<strong>bei der bestm\u00f6glichen Organisation Ihres Aufenthalts in unserem Hotel<\/strong>.<\/h3>\n\n\t\t<\/div>\n\t<\/div>\n<div class=\"vc_empty_space\"   style=\"height: 64px\"><span class=\"vc_empty_space_inner\"><\/span><\/div><\/div><\/div><\/div><\/div><div class=\"vc_row wpb_row vc_row-fluid vc_row-o-content-middle vc_row-flex eltd-content-aligment-center\" ><div class=\"wpb_column vc_column_container vc_col-sm-4\"><div class=\"vc_column-inner\"><div class=\"wpb_wrapper\">    <span class=\"eltd-icon-shortcode eltd-normal   eltd-icon-medium\"  >\n                    <a itemprop=\"url\" class=\"\" href=\"#\" target=\"_self\">\n                    <span aria-hidden=\"true\" class=\"eltd-icon-linear-icons lnr lnr-map-marker eltd-icon-element\" style=\"font-size:36px\" ><\/span>                    <\/a>\n            <\/span>\n<div class=\"vc_empty_space\"   style=\"height: 2px\"><span class=\"vc_empty_space_inner\"><\/span><\/div>\n\t<div class=\"wpb_text_column wpb_content_element\" >\n\t\t<div class=\"wpb_wrapper\">\n\t\t\t<p style=\"font-weight: 400; letter-spacing: .1em;\">VERONA<\/p>\n\n\t\t<\/div>\n\t<\/div>\n\n\t<div class=\"wpb_text_column wpb_content_element\" >\n\t\t<div class=\"wpb_wrapper\">\n\t\t\t<p>Via Mazzanti 6 \u00b7 37121 Verona<\/p>\n\n\t\t<\/div>\n\t<\/div>\n<div class=\"vc_empty_space\"   style=\"height: 40px\"><span class=\"vc_empty_space_inner\"><\/span><\/div><\/div><\/div><\/div><div class=\"wpb_column vc_column_container vc_col-sm-4\"><div class=\"vc_column-inner\"><div class=\"wpb_wrapper\">    <span class=\"eltd-icon-shortcode eltd-normal   eltd-icon-medium\"  >\n                    <a itemprop=\"url\" class=\"\" href=\"#\" target=\"_self\">\n                    <span aria-hidden=\"true\" class=\"eltd-icon-linear-icons lnr lnr-phone-handset eltd-icon-element\" style=\"font-size:36px\" ><\/span>                    <\/a>\n            <\/span>\n<div class=\"vc_empty_space\"   style=\"height: 2px\"><span class=\"vc_empty_space_inner\"><\/span><\/div>\n\t<div class=\"wpb_text_column wpb_content_element\" >\n\t\t<div class=\"wpb_wrapper\">\n\t\t\t<p style=\"font-weight: 400; letter-spacing: .1em;\">TELEFON<\/p>\n\n\t\t<\/div>\n\t<\/div>\n\n\t<div class=\"wpb_text_column wpb_content_element\" >\n\t\t<div class=\"wpb_wrapper\">\n\t\t\t<p><a href=\"tel:045591690\">+39 045 591690<\/a><\/p>\n\n\t\t<\/div>\n\t<\/div>\n<div class=\"vc_empty_space\"   style=\"height: 40px\"><span class=\"vc_empty_space_inner\"><\/span><\/div><\/div><\/div><\/div><div class=\"wpb_column vc_column_container vc_col-sm-4\"><div class=\"vc_column-inner\"><div class=\"wpb_wrapper\">    <span class=\"eltd-icon-shortcode eltd-normal   eltd-icon-medium\"  >\n                    <a itemprop=\"url\" class=\"\" href=\"#\" target=\"_self\">\n                    <span aria-hidden=\"true\" class=\"eltd-icon-linear-icons lnr lnr-envelope eltd-icon-element\" style=\"font-size:36px\" ><\/span>                    <\/a>\n            <\/span>\n<div class=\"vc_empty_space\"   style=\"height: 2px\"><span class=\"vc_empty_space_inner\"><\/span><\/div>\n\t<div class=\"wpb_text_column wpb_content_element\" >\n\t\t<div class=\"wpb_wrapper\">\n\t\t\t<p style=\"font-weight: 400; letter-spacing: .1em;\">EMAIL<\/p>\n\n\t\t<\/div>\n\t<\/div>\n\n\t<div class=\"wpb_text_column wpb_content_element\" >\n\t\t<div class=\"wpb_wrapper\">\n\t\t\t<p><a href=\"mailto:info@albergomazzanti.it\">info@albergomazzanti.it<\/a><\/p>\n\n\t\t<\/div>\n\t<\/div>\n<div class=\"vc_empty_space\"   style=\"height: 40px\"><span class=\"vc_empty_space_inner\"><\/span><\/div><\/div><\/div><\/div><\/div><div class=\"vc_row wpb_row vc_row-fluid\" ><div class=\"wpb_column vc_column_container vc_col-sm-12\"><div class=\"vc_column-inner\"><div class=\"wpb_wrapper\"><div class=\"vc_empty_space\"   style=\"height: 80px\"><span class=\"vc_empty_space_inner\"><\/span><\/div><\/div><\/div><\/div><\/div>","protected":false},"excerpt":{"rendered":"CALENDARIO PRENOTAZIONE IN FASE DI CARICAMENTO... Opzioni di parcheggio Per chi arriva in auto a Verona, segnaliamo alcune soluzioni [...]","protected":false},"author":1,"featured_media":0,"parent":0,"menu_order":0,"comment_status":"closed","ping_status":"closed","template":"","meta":{"footnotes":""},"class_list":["post-132","page","type-page","status-publish","hentry"],"yoast_head":"<!-- This site is optimized with the Yoast SEO plugin v23.4 - https:\/\/yoast.com\/wordpress\/plugins\/seo\/ -->\n<title>Hotel vicino Arena di Verona e Piazza Erbe | \ufeff Albergo Mazzanti Centro Verona<\/title>\n<meta name=\"description\" content=\"L&#039;Albergo Mazzanti si trova nei pressi di Piazza Erbe e a soli 100 metri dall&#039;Arena di Verona. Indicazioni per raggiugnerci dalla stazione dei treni, in auto o a piedi.\" \/>\n<meta name=\"robots\" content=\"index, follow, max-snippet:-1, max-image-preview:large, max-video-preview:-1\" \/>\n<link rel=\"canonical\" href=\"https:\/\/www.albergomazzanti.it\/de\/come-raggiungerci\/\" \/>\n<meta property=\"og:locale\" content=\"de_DE\" \/>\n<meta property=\"og:type\" content=\"article\" \/>\n<meta property=\"og:title\" content=\"Hotel vicino Arena di Verona e Piazza Erbe | \ufeff Albergo Mazzanti Centro Verona\" \/>\n<meta property=\"og:description\" content=\"L&#039;Albergo Mazzanti si trova nei pressi di Piazza Erbe e a soli 100 metri dall&#039;Arena di Verona. Indicazioni per raggiugnerci dalla stazione dei treni, in auto o a piedi.\" \/>\n<meta property=\"og:url\" content=\"https:\/\/www.albergomazzanti.it\/de\/come-raggiungerci\/\" \/>\n<meta property=\"og:site_name\" content=\"Albergo Mazzanti Centro Verona\" \/>\n<meta property=\"article:modified_time\" content=\"2026-02-06T10:48:35+00:00\" \/>\n<meta name=\"twitter:card\" content=\"summary_large_image\" \/>\n<meta name=\"twitter:label1\" content=\"Gesch\u00e4tzte Lesezeit\" \/>\n\t<meta name=\"twitter:data1\" content=\"4\u00a0Minuten\" \/>\n<script type=\"application\/ld+json\" class=\"yoast-schema-graph\">{\"@context\":\"https:\/\/schema.org\",\"@graph\":[{\"@type\":\"WebPage\",\"@id\":\"https:\/\/www.albergomazzanti.it\/come-raggiungerci\/\",\"url\":\"https:\/\/www.albergomazzanti.it\/come-raggiungerci\/\",\"name\":\"Hotel vicino Arena di Verona e Piazza Erbe | \ufeff Albergo Mazzanti Centro Verona\",\"isPartOf\":{\"@id\":\"https:\/\/www.albergomazzanti.it\/#website\"},\"datePublished\":\"2023-10-19T12:06:05+00:00\",\"dateModified\":\"2026-02-06T10:48:35+00:00\",\"description\":\"L'Albergo Mazzanti si trova nei pressi di Piazza Erbe e a soli 100 metri dall'Arena di Verona. Indicazioni per raggiugnerci dalla stazione dei treni, in auto o a piedi.\",\"breadcrumb\":{\"@id\":\"https:\/\/www.albergomazzanti.it\/come-raggiungerci\/#breadcrumb\"},\"inLanguage\":\"de\",\"potentialAction\":[{\"@type\":\"ReadAction\",\"target\":[\"https:\/\/www.albergomazzanti.it\/come-raggiungerci\/\"]}]},{\"@type\":\"BreadcrumbList\",\"@id\":\"https:\/\/www.albergomazzanti.it\/come-raggiungerci\/#breadcrumb\",\"itemListElement\":[{\"@type\":\"ListItem\",\"position\":1,\"name\":\"Home\",\"item\":\"https:\/\/www.albergomazzanti.it\/\"},{\"@type\":\"ListItem\",\"position\":2,\"name\":\"Come raggiungerci\"}]},{\"@type\":\"WebSite\",\"@id\":\"https:\/\/www.albergomazzanti.it\/#website\",\"url\":\"https:\/\/www.albergomazzanti.it\/\",\"name\":\"Albergo Mazzanti Centro Verona\",\"description\":\"\",\"publisher\":{\"@id\":\"https:\/\/www.albergomazzanti.it\/#organization\"},\"potentialAction\":[{\"@type\":\"SearchAction\",\"target\":{\"@type\":\"EntryPoint\",\"urlTemplate\":\"https:\/\/www.albergomazzanti.it\/?s={search_term_string}\"},\"query-input\":{\"@type\":\"PropertyValueSpecification\",\"valueRequired\":true,\"valueName\":\"search_term_string\"}}],\"inLanguage\":\"de\"},{\"@type\":\"Organization\",\"@id\":\"https:\/\/www.albergomazzanti.it\/#organization\",\"name\":\"Albergo Mazzanti Centro Verona\",\"url\":\"https:\/\/www.albergomazzanti.it\/\",\"logo\":{\"@type\":\"ImageObject\",\"inLanguage\":\"de\",\"@id\":\"https:\/\/www.albergomazzanti.it\/#\/schema\/logo\/image\/\",\"url\":\"https:\/\/www.albergomazzanti.it\/wp-content\/uploads\/2023\/10\/5-1024x694.png\",\"contentUrl\":\"https:\/\/www.albergomazzanti.it\/wp-content\/uploads\/2023\/10\/5-1024x694.png\",\"width\":1024,\"height\":694,\"caption\":\"Albergo Mazzanti Centro Verona\"},\"image\":{\"@id\":\"https:\/\/www.albergomazzanti.it\/#\/schema\/logo\/image\/\"}}]}<\/script>\n<!-- \/ Yoast SEO plugin. -->","yoast_head_json":{"title":"Hotel vicino Arena di Verona e Piazza Erbe | \ufeff Albergo Mazzanti Centro Verona","description":"L'Albergo Mazzanti si trova nei pressi di Piazza Erbe e a soli 100 metri dall'Arena di Verona. Indicazioni per raggiugnerci dalla stazione dei treni, in auto o a piedi.","robots":{"index":"index","follow":"follow","max-snippet":"max-snippet:-1","max-image-preview":"max-image-preview:large","max-video-preview":"max-video-preview:-1"},"canonical":"https:\/\/www.albergomazzanti.it\/de\/come-raggiungerci\/","og_locale":"de_DE","og_type":"article","og_title":"Hotel vicino Arena di Verona e Piazza Erbe | \ufeff Albergo Mazzanti Centro Verona","og_description":"L'Albergo Mazzanti si trova nei pressi di Piazza Erbe e a soli 100 metri dall'Arena di Verona. Indicazioni per raggiugnerci dalla stazione dei treni, in auto o a piedi.","og_url":"https:\/\/www.albergomazzanti.it\/de\/come-raggiungerci\/","og_site_name":"Albergo Mazzanti Centro Verona","article_modified_time":"2026-02-06T10:48:35+00:00","twitter_card":"summary_large_image","twitter_misc":{"Gesch\u00e4tzte Lesezeit":"4\u00a0Minuten"},"schema":{"@context":"https:\/\/schema.org","@graph":[{"@type":"WebPage","@id":"https:\/\/www.albergomazzanti.it\/come-raggiungerci\/","url":"https:\/\/www.albergomazzanti.it\/come-raggiungerci\/","name":"Hotel vicino Arena di Verona e Piazza Erbe | \ufeff Albergo Mazzanti Centro Verona","isPartOf":{"@id":"https:\/\/www.albergomazzanti.it\/#website"},"datePublished":"2023-10-19T12:06:05+00:00","dateModified":"2026-02-06T10:48:35+00:00","description":"L'Albergo Mazzanti si trova nei pressi di Piazza Erbe e a soli 100 metri dall'Arena di Verona. Indicazioni per raggiugnerci dalla stazione dei treni, in auto o a piedi.","breadcrumb":{"@id":"https:\/\/www.albergomazzanti.it\/come-raggiungerci\/#breadcrumb"},"inLanguage":"de","potentialAction":[{"@type":"ReadAction","target":["https:\/\/www.albergomazzanti.it\/come-raggiungerci\/"]}]},{"@type":"BreadcrumbList","@id":"https:\/\/www.albergomazzanti.it\/come-raggiungerci\/#breadcrumb","itemListElement":[{"@type":"ListItem","position":1,"name":"Home","item":"https:\/\/www.albergomazzanti.it\/"},{"@type":"ListItem","position":2,"name":"Come raggiungerci"}]},{"@type":"WebSite","@id":"https:\/\/www.albergomazzanti.it\/#website","url":"https:\/\/www.albergomazzanti.it\/","name":"Albergo Mazzanti Centro Verona","description":"","publisher":{"@id":"https:\/\/www.albergomazzanti.it\/#organization"},"potentialAction":[{"@type":"SearchAction","target":{"@type":"EntryPoint","urlTemplate":"https:\/\/www.albergomazzanti.it\/?s={search_term_string}"},"query-input":{"@type":"PropertyValueSpecification","valueRequired":true,"valueName":"search_term_string"}}],"inLanguage":"de"},{"@type":"Organization","@id":"https:\/\/www.albergomazzanti.it\/#organization","name":"Albergo Mazzanti Centro Verona","url":"https:\/\/www.albergomazzanti.it\/","logo":{"@type":"ImageObject","inLanguage":"de","@id":"https:\/\/www.albergomazzanti.it\/#\/schema\/logo\/image\/","url":"https:\/\/www.albergomazzanti.it\/wp-content\/uploads\/2023\/10\/5-1024x694.png","contentUrl":"https:\/\/www.albergomazzanti.it\/wp-content\/uploads\/2023\/10\/5-1024x694.png","width":1024,"height":694,"caption":"Albergo Mazzanti Centro Verona"},"image":{"@id":"https:\/\/www.albergomazzanti.it\/#\/schema\/logo\/image\/"}}]}},"_links":{"self":[{"href":"https:\/\/www.albergomazzanti.it\/de\/wp-json\/wp\/v2\/pages\/132","targetHints":{"allow":["GET"]}}],"collection":[{"href":"https:\/\/www.albergomazzanti.it\/de\/wp-json\/wp\/v2\/pages"}],"about":[{"href":"https:\/\/www.albergomazzanti.it\/de\/wp-json\/wp\/v2\/types\/page"}],"author":[{"embeddable":true,"href":"https:\/\/www.albergomazzanti.it\/de\/wp-json\/wp\/v2\/users\/1"}],"replies":[{"embeddable":true,"href":"https:\/\/www.albergomazzanti.it\/de\/wp-json\/wp\/v2\/comments?post=132"}],"version-history":[{"count":62,"href":"https:\/\/www.albergomazzanti.it\/de\/wp-json\/wp\/v2\/pages\/132\/revisions"}],"predecessor-version":[{"id":10685,"href":"https:\/\/www.albergomazzanti.it\/de\/wp-json\/wp\/v2\/pages\/132\/revisions\/10685"}],"wp:attachment":[{"href":"https:\/\/www.albergomazzanti.it\/de\/wp-json\/wp\/v2\/media?parent=132"}],"curies":[{"name":"wp","href":"https:\/\/api.w.org\/{rel}","templated":true}]}}