{"id":3,"date":"2023-10-19T14:07:06","date_gmt":"2023-10-19T12:07:06","guid":{"rendered":"https:\/\/www.albergomazzanti.it\/?page_id=3"},"modified":"2023-10-19T14:07:06","modified_gmt":"2023-10-19T12:07:06","slug":"privacy-policy","status":"publish","type":"page","link":"https:\/\/www.albergomazzanti.it\/de\/privacy-policy\/","title":{"rendered":"Datenschutzrichtlinie"},"content":{"rendered":"<h2 class=\"wp-block-heading\">Wer wir sind<\/h2><p><strong class=\"privacy-policy-tutorial\">Vorgeschlagener Text: <\/strong>Unsere Website-Adresse lautet: https:\/\/www.010create.com\/mazza.<\/p><h2 class=\"wp-block-heading\">Kommentare<\/h2><p><strong class=\"privacy-policy-tutorial\">Vorgeschlagener Text: <\/strong>Wenn Besucher Kommentare auf der Website hinterlassen, erfassen wir die im Kommentarformular angezeigten Daten sowie die IP-Adresse des Besuchers und den User-Agent-String des Browsers, um die Spam-Erkennung zu unterst\u00fctzen.<\/p><p>Eine aus Ihrer E-Mail-Adresse erstellte anonymisierte Zeichenfolge (auch Hash genannt) kann dem Gravatar-Dienst zur Verf\u00fcgung gestellt werden, um zu sehen, ob Sie ihn verwenden. Die Datenschutzerkl\u00e4rung des Gravatar-Dienstes finden Sie hier: https:\/\/automattic.com\/privacy\/. Nachdem Ihr Kommentar genehmigt wurde, ist Ihr Profilbild im Kontext Ihres Kommentars f\u00fcr die \u00d6ffentlichkeit sichtbar.<\/p><h2 class=\"wp-block-heading\">Durchschnitt<\/h2><p><strong class=\"privacy-policy-tutorial\">Vorgeschlagener Text: <\/strong>Wenn Sie Bilder auf die Website hochladen, sollten Sie das Hochladen von Bildern vermeiden, die eingebettete Standortdaten (EXIF GPS) enthalten. Website-Besucher k\u00f6nnen beliebige Standortdaten aus Bildern auf der Website herunterladen und extrahieren.<\/p><h2 class=\"wp-block-heading\">Kekse<\/h2><p><strong class=\"privacy-policy-tutorial\">Vorgeschlagener Text: <\/strong>Wenn Sie einen Kommentar auf unserer Website hinterlassen, k\u00f6nnen Sie Ihren Namen, Ihre E-Mail-Adresse und Ihre Website in Cookies speichern. Sie dienen Ihrem Komfort, damit Sie Ihre Daten nicht erneut eingeben m\u00fcssen, wenn Sie einen weiteren Kommentar hinterlassen. Diese Cookies sind ein Jahr lang haltbar.<\/p><p>Wenn Sie die Anmeldeseite besuchen, wird ein tempor\u00e4res Cookie gesetzt, um festzustellen, ob Ihr Browser Cookies akzeptiert. Dieses Cookie enth\u00e4lt keine personenbezogenen Daten und wird gel\u00f6scht, wenn Sie Ihren Browser schlie\u00dfen.<\/p><p>Wenn Sie sich anmelden, richten wir mehrere Cookies ein, um Ihre Anmeldeinformationen und Ihre Bildschirmanzeigeoptionen zu speichern. Anmelde-Cookies sind zwei Tage lang g\u00fcltig, w\u00e4hrend Bildschirmoptionen-Cookies ein Jahr lang g\u00fcltig sind. Wenn Sie \u201eAngemeldet bleiben\u201c ausw\u00e4hlen, bleibt Ihr Login zwei Wochen lang bestehen. Wenn Sie sich von Ihrem Konto abmelden, werden die Anmeldecookies entfernt.<\/p><p>Wenn Sie einen Artikel bearbeiten oder ver\u00f6ffentlichen, wird ein zus\u00e4tzlicher Cookie in Ihrem Browser gespeichert. Dieses Cookie enth\u00e4lt keine personenbezogenen Daten, sondern gibt lediglich die ID des Artikels an, den Sie gerade bearbeitet haben. L\u00e4uft nach 1 Tag ab.<\/p><h2 class=\"wp-block-heading\">Eingebettete Inhalte von anderen Websites<\/h2><p><strong class=\"privacy-policy-tutorial\">Vorgeschlagener Text: <\/strong>Artikel auf dieser Website k\u00f6nnen eingebettete Inhalte enthalten (z. B. Videos, Bilder, Artikel usw.). Eingebettete Inhalte von anderen Websites verhalten sich genauso, als ob der Besucher die andere Website besucht h\u00e4tte.<\/p><p>Diese Websites k\u00f6nnen Daten \u00fcber Sie sammeln, Cookies verwenden, zus\u00e4tzliches Tracking von Drittanbietern einbetten und Ihre Interaktion mit ihnen \u00fcberwachen, einschlie\u00dflich der Verfolgung Ihrer Interaktion mit den eingebetteten Inhalten, wenn Sie \u00fcber ein Konto verf\u00fcgen und auf diesen Websites angemeldet sind.<\/p><h2 class=\"wp-block-heading\">Mit wem wir Ihre Daten teilen<\/h2><p><strong class=\"privacy-policy-tutorial\">Vorgeschlagener Text: <\/strong>Wenn Sie eine Passwortzur\u00fccksetzung anfordern, wird Ihre IP-Adresse in die Zur\u00fccksetzungs-E-Mail aufgenommen.<\/p><h2 class=\"wp-block-heading\">Wie lange wir Ihre Daten aufbewahren<\/h2><p><strong class=\"privacy-policy-tutorial\">Vorgeschlagener Text: <\/strong>Wenn Sie einen Kommentar hinterlassen, bleiben der Kommentar und seine Metadaten auf unbestimmte Zeit erhalten. Auf diese Weise k\u00f6nnen wir nachfolgende Kommentare automatisch erkennen und genehmigen, anstatt sie in einer Moderationswarteschlange festzuhalten.<\/p><p>F\u00fcr Nutzer, die sich auf unserer Website registrieren (sofern vorhanden), speichern wir au\u00dferdem die von ihnen angegebenen personenbezogenen Daten in ihrem Nutzerprofil. Alle Benutzer k\u00f6nnen ihre pers\u00f6nlichen Daten jederzeit einsehen, bearbeiten oder l\u00f6schen (mit Ausnahme ihres Benutzernamens, den sie nicht \u00e4ndern k\u00f6nnen). Auch Website-Administratoren k\u00f6nnen diese Informationen einsehen und bearbeiten.<\/p><h2 class=\"wp-block-heading\">Welche Rechte haben Sie an Ihren Daten?<\/h2><p><strong class=\"privacy-policy-tutorial\">Vorgeschlagener Text: <\/strong>Wenn Sie ein Konto auf dieser Website haben oder Kommentare hinterlassen haben, k\u00f6nnen Sie den Erhalt einer exportierten Datei der personenbezogenen Daten anfordern, die wir \u00fcber Sie gespeichert haben, einschlie\u00dflich aller Daten, die Sie uns zur Verf\u00fcgung gestellt haben. Sie k\u00f6nnen au\u00dferdem verlangen, dass wir alle Sie betreffenden personenbezogenen Daten l\u00f6schen. Hiervon ausgenommen sind Daten, zu deren Aufbewahrung wir aus administrativen, rechtlichen oder sicherheitstechnischen Gr\u00fcnden verpflichtet sind.<\/p><h2 class=\"wp-block-heading\">Wohin Ihre Daten gesendet werden<\/h2><p><strong class=\"privacy-policy-tutorial\">Vorgeschlagener Text: <\/strong>Besucherkommentare k\u00f6nnen durch einen automatischen Spam-Erkennungsdienst \u00fcberpr\u00fcft werden.<\/p>","protected":false},"excerpt":{"rendered":"<p>Chi siamo Testo suggerito: L&#8217;indirizzo del nostro sito web \u00e8: https:\/\/www.010create.com\/mazza. Commenti Testo suggerito: Quando i visitatori lasciano commenti [&hellip;]<\/p>","protected":false},"author":1,"featured_media":0,"parent":0,"menu_order":0,"comment_status":"closed","ping_status":"open","template":"","meta":{"footnotes":""},"class_list":["post-3","page","type-page","status-publish","hentry"],"yoast_head":"<!-- This site is optimized with the Yoast SEO plugin v23.4 - https:\/\/yoast.com\/wordpress\/plugins\/seo\/ -->\n<title>Privacy Policy - Albergo Mazzanti Centro Verona<\/title>\n<meta name=\"robots\" content=\"index, follow, max-snippet:-1, max-image-preview:large, max-video-preview:-1\" \/>\n<link rel=\"canonical\" href=\"https:\/\/www.albergomazzanti.it\/de\/privacy-policy\/\" \/>\n<meta property=\"og:locale\" content=\"de_DE\" \/>\n<meta property=\"og:type\" content=\"article\" \/>\n<meta property=\"og:title\" content=\"Privacy Policy - Albergo Mazzanti Centro Verona\" \/>\n<meta property=\"og:description\" content=\"Chi siamo Testo suggerito: L&#8217;indirizzo del nostro sito web \u00e8: https:\/\/www.010create.com\/mazza. Commenti Testo suggerito: Quando i visitatori lasciano commenti [&hellip;]\" \/>\n<meta property=\"og:url\" content=\"https:\/\/www.albergomazzanti.it\/de\/privacy-policy\/\" \/>\n<meta property=\"og:site_name\" content=\"Albergo Mazzanti Centro Verona\" \/>\n<meta name=\"twitter:card\" content=\"summary_large_image\" \/>\n<meta name=\"twitter:label1\" content=\"Gesch\u00e4tzte Lesezeit\" \/>\n\t<meta name=\"twitter:data1\" content=\"3\u00a0Minuten\" \/>\n<script type=\"application\/ld+json\" class=\"yoast-schema-graph\">{\"@context\":\"https:\/\/schema.org\",\"@graph\":[{\"@type\":\"WebPage\",\"@id\":\"https:\/\/www.albergomazzanti.it\/privacy-policy\/\",\"url\":\"https:\/\/www.albergomazzanti.it\/privacy-policy\/\",\"name\":\"Privacy Policy - Albergo Mazzanti Centro Verona\",\"isPartOf\":{\"@id\":\"https:\/\/www.albergomazzanti.it\/#website\"},\"datePublished\":\"2023-10-19T12:07:06+00:00\",\"dateModified\":\"2023-10-19T12:07:06+00:00\",\"breadcrumb\":{\"@id\":\"https:\/\/www.albergomazzanti.it\/privacy-policy\/#breadcrumb\"},\"inLanguage\":\"de\",\"potentialAction\":[{\"@type\":\"ReadAction\",\"target\":[\"https:\/\/www.albergomazzanti.it\/privacy-policy\/\"]}]},{\"@type\":\"BreadcrumbList\",\"@id\":\"https:\/\/www.albergomazzanti.it\/privacy-policy\/#breadcrumb\",\"itemListElement\":[{\"@type\":\"ListItem\",\"position\":1,\"name\":\"Home\",\"item\":\"https:\/\/www.albergomazzanti.it\/\"},{\"@type\":\"ListItem\",\"position\":2,\"name\":\"Privacy Policy\"}]},{\"@type\":\"WebSite\",\"@id\":\"https:\/\/www.albergomazzanti.it\/#website\",\"url\":\"https:\/\/www.albergomazzanti.it\/\",\"name\":\"Albergo Mazzanti Centro Verona\",\"description\":\"\",\"publisher\":{\"@id\":\"https:\/\/www.albergomazzanti.it\/#organization\"},\"potentialAction\":[{\"@type\":\"SearchAction\",\"target\":{\"@type\":\"EntryPoint\",\"urlTemplate\":\"https:\/\/www.albergomazzanti.it\/?s={search_term_string}\"},\"query-input\":{\"@type\":\"PropertyValueSpecification\",\"valueRequired\":true,\"valueName\":\"search_term_string\"}}],\"inLanguage\":\"de\"},{\"@type\":\"Organization\",\"@id\":\"https:\/\/www.albergomazzanti.it\/#organization\",\"name\":\"Albergo Mazzanti Centro Verona\",\"url\":\"https:\/\/www.albergomazzanti.it\/\",\"logo\":{\"@type\":\"ImageObject\",\"inLanguage\":\"de\",\"@id\":\"https:\/\/www.albergomazzanti.it\/#\/schema\/logo\/image\/\",\"url\":\"https:\/\/www.albergomazzanti.it\/wp-content\/uploads\/2023\/10\/5-1024x694.png\",\"contentUrl\":\"https:\/\/www.albergomazzanti.it\/wp-content\/uploads\/2023\/10\/5-1024x694.png\",\"width\":1024,\"height\":694,\"caption\":\"Albergo Mazzanti Centro Verona\"},\"image\":{\"@id\":\"https:\/\/www.albergomazzanti.it\/#\/schema\/logo\/image\/\"}}]}<\/script>\n<!-- \/ Yoast SEO plugin. -->","yoast_head_json":{"title":"Privacy Policy - Albergo Mazzanti Centro Verona","robots":{"index":"index","follow":"follow","max-snippet":"max-snippet:-1","max-image-preview":"max-image-preview:large","max-video-preview":"max-video-preview:-1"},"canonical":"https:\/\/www.albergomazzanti.it\/de\/privacy-policy\/","og_locale":"de_DE","og_type":"article","og_title":"Privacy Policy - Albergo Mazzanti Centro Verona","og_description":"Chi siamo Testo suggerito: L&#8217;indirizzo del nostro sito web \u00e8: https:\/\/www.010create.com\/mazza. Commenti Testo suggerito: Quando i visitatori lasciano commenti [&hellip;]","og_url":"https:\/\/www.albergomazzanti.it\/de\/privacy-policy\/","og_site_name":"Albergo Mazzanti Centro Verona","twitter_card":"summary_large_image","twitter_misc":{"Gesch\u00e4tzte Lesezeit":"3\u00a0Minuten"},"schema":{"@context":"https:\/\/schema.org","@graph":[{"@type":"WebPage","@id":"https:\/\/www.albergomazzanti.it\/privacy-policy\/","url":"https:\/\/www.albergomazzanti.it\/privacy-policy\/","name":"Privacy Policy - Albergo Mazzanti Centro Verona","isPartOf":{"@id":"https:\/\/www.albergomazzanti.it\/#website"},"datePublished":"2023-10-19T12:07:06+00:00","dateModified":"2023-10-19T12:07:06+00:00","breadcrumb":{"@id":"https:\/\/www.albergomazzanti.it\/privacy-policy\/#breadcrumb"},"inLanguage":"de","potentialAction":[{"@type":"ReadAction","target":["https:\/\/www.albergomazzanti.it\/privacy-policy\/"]}]},{"@type":"BreadcrumbList","@id":"https:\/\/www.albergomazzanti.it\/privacy-policy\/#breadcrumb","itemListElement":[{"@type":"ListItem","position":1,"name":"Home","item":"https:\/\/www.albergomazzanti.it\/"},{"@type":"ListItem","position":2,"name":"Privacy Policy"}]},{"@type":"WebSite","@id":"https:\/\/www.albergomazzanti.it\/#website","url":"https:\/\/www.albergomazzanti.it\/","name":"Albergo Mazzanti Centro Verona","description":"","publisher":{"@id":"https:\/\/www.albergomazzanti.it\/#organization"},"potentialAction":[{"@type":"SearchAction","target":{"@type":"EntryPoint","urlTemplate":"https:\/\/www.albergomazzanti.it\/?s={search_term_string}"},"query-input":{"@type":"PropertyValueSpecification","valueRequired":true,"valueName":"search_term_string"}}],"inLanguage":"de"},{"@type":"Organization","@id":"https:\/\/www.albergomazzanti.it\/#organization","name":"Albergo Mazzanti Centro Verona","url":"https:\/\/www.albergomazzanti.it\/","logo":{"@type":"ImageObject","inLanguage":"de","@id":"https:\/\/www.albergomazzanti.it\/#\/schema\/logo\/image\/","url":"https:\/\/www.albergomazzanti.it\/wp-content\/uploads\/2023\/10\/5-1024x694.png","contentUrl":"https:\/\/www.albergomazzanti.it\/wp-content\/uploads\/2023\/10\/5-1024x694.png","width":1024,"height":694,"caption":"Albergo Mazzanti Centro Verona"},"image":{"@id":"https:\/\/www.albergomazzanti.it\/#\/schema\/logo\/image\/"}}]}},"_links":{"self":[{"href":"https:\/\/www.albergomazzanti.it\/de\/wp-json\/wp\/v2\/pages\/3","targetHints":{"allow":["GET"]}}],"collection":[{"href":"https:\/\/www.albergomazzanti.it\/de\/wp-json\/wp\/v2\/pages"}],"about":[{"href":"https:\/\/www.albergomazzanti.it\/de\/wp-json\/wp\/v2\/types\/page"}],"author":[{"embeddable":true,"href":"https:\/\/www.albergomazzanti.it\/de\/wp-json\/wp\/v2\/users\/1"}],"replies":[{"embeddable":true,"href":"https:\/\/www.albergomazzanti.it\/de\/wp-json\/wp\/v2\/comments?post=3"}],"version-history":[{"count":1,"href":"https:\/\/www.albergomazzanti.it\/de\/wp-json\/wp\/v2\/pages\/3\/revisions"}],"predecessor-version":[{"id":5654,"href":"https:\/\/www.albergomazzanti.it\/de\/wp-json\/wp\/v2\/pages\/3\/revisions\/5654"}],"wp:attachment":[{"href":"https:\/\/www.albergomazzanti.it\/de\/wp-json\/wp\/v2\/media?parent=3"}],"curies":[{"name":"wp","href":"https:\/\/api.w.org\/{rel}","templated":true}]}}